{"id":149,"date":"2024-06-21T16:13:45","date_gmt":"2024-06-21T14:13:45","guid":{"rendered":"https:\/\/laurefuric.com\/?page_id=149"},"modified":"2026-03-25T12:02:02","modified_gmt":"2026-03-25T11:02:02","slug":"a-propos","status":"publish","type":"page","link":"https:\/\/laurefuric.com\/index.php\/a-propos\/","title":{"rendered":"Qui suis-je ?"},"content":{"rendered":"\t\t<div data-elementor-type=\"wp-page\" data-elementor-id=\"149\" class=\"elementor elementor-149\">\n\t\t\t\t<div class=\"elementor-element elementor-element-0178dae e-flex e-con-boxed e-con e-parent\" data-id=\"0178dae\" data-element_type=\"container\" data-e-type=\"container\">\n\t\t\t\t\t<div class=\"e-con-inner\">\n\t\t<div class=\"elementor-element elementor-element-f8d5725 e-con-full e-flex e-con e-child\" data-id=\"f8d5725\" data-element_type=\"container\" data-e-type=\"container\">\n\t\t\t\t<div class=\"elementor-element elementor-element-baa066c elementor-widget elementor-widget-image\" data-id=\"baa066c\" data-element_type=\"widget\" data-e-type=\"widget\" data-widget_type=\"image.default\">\n\t\t\t\t<div class=\"elementor-widget-container\">\n\t\t\t\t\t\t\t\t\t\t\t\t\t\t\t<img fetchpriority=\"high\" decoding=\"async\" width=\"837\" height=\"558\" src=\"https:\/\/laurefuric.com\/wp-content\/uploads\/2024\/08\/0013_N_B__1__WEB-1024x683.jpg\" class=\"attachment-large size-large wp-image-442\" alt=\"\" srcset=\"https:\/\/laurefuric.com\/wp-content\/uploads\/2024\/08\/0013_N_B__1__WEB-1024x683.jpg 1024w, https:\/\/laurefuric.com\/wp-content\/uploads\/2024\/08\/0013_N_B__1__WEB-300x200.jpg 300w, https:\/\/laurefuric.com\/wp-content\/uploads\/2024\/08\/0013_N_B__1__WEB-768x512.jpg 768w, https:\/\/laurefuric.com\/wp-content\/uploads\/2024\/08\/0013_N_B__1__WEB.jpg 1536w\" sizes=\"(max-width: 837px) 100vw, 837px\" \/>\t\t\t\t\t\t\t\t\t\t\t\t\t\t\t<\/div>\n\t\t\t\t<\/div>\n\t\t\t\t<\/div>\n\t\t<div class=\"elementor-element elementor-element-37484d9 e-con-full e-flex e-con e-child\" data-id=\"37484d9\" data-element_type=\"container\" data-e-type=\"container\">\n\t\t\t\t<div class=\"elementor-element elementor-element-79235af elementor-widget__width-initial elementor-widget elementor-widget-text-editor\" data-id=\"79235af\" data-element_type=\"widget\" data-e-type=\"widget\" data-widget_type=\"text-editor.default\">\n\t\t\t\t<div class=\"elementor-widget-container\">\n\t\t\t\t\t\t\t\t\t<p><span style=\"color: #000000;\">Je m&rsquo;appelle Laure Furic, je suis pr\u00e9paratrice mentale, passionn\u00e9e par l&rsquo;humain, guid\u00e9e par la recherche de progr\u00e8s, de performance et d&rsquo;\u00e9panouissement.<\/span><\/p><p><span style=\"color: #ff6600;\"><span style=\"color: #000000;\">Mon chemin vers la pr\u00e9paration mentale s&rsquo;est construit au fil des ann\u00e9es, \u00e0 travers mon parcours dans le sport de haut de niveau, <\/span><span style=\"font-size: 14px; letter-spacing: 0px;\"><span style=\"color: #000000;\">mon exp\u00e9rience en entreprise, la<\/span> <span style=\"color: #000000;\">parentalit\u00e9 et les valeurs qui me portent depuis toujours.<\/span><\/span><\/span><\/p>\t\t\t\t\t\t\t\t<\/div>\n\t\t\t\t<\/div>\n\t\t\t\t<\/div>\n\t\t\t\t\t<\/div>\n\t\t\t\t<\/div>\n\t\t<div class=\"elementor-element elementor-element-745de1f e-flex e-con-boxed e-con e-parent\" data-id=\"745de1f\" data-element_type=\"container\" data-e-type=\"container\">\n\t\t\t\t\t<div class=\"e-con-inner\">\n\t\t\t\t<div class=\"elementor-element elementor-element-84606d7 elementor-widget elementor-widget-text-editor\" data-id=\"84606d7\" data-element_type=\"widget\" data-e-type=\"widget\" data-widget_type=\"text-editor.default\">\n\t\t\t\t<div class=\"elementor-widget-container\">\n\t\t\t\t\t\t\t\t\t<h6><span style=\"color: #000000;\"><b>Le sport<\/b><\/span><\/h6><div><p><span style=\"color: #000000;\">S\u00e9lectionn\u00e9e en \u00e9quipe de France Espoirs, vice\u2011championne de France juniors, form\u00e9e d\u00e8s l\u2019\u00e2ge de 5 ans en clubs puis en P\u00f4le Espoirs, j&rsquo;ai grandi au bord des bassins. J&rsquo;y ai d\u00e9couvert le plaisir de l\u2019effort, du d\u00e9passement de soi, de la discipline quotidienne, et cette satisfaction profonde qui na\u00eet de l\u2019engagement total dans un projet. <\/span><\/p><p><span style=\"color: #000000;\">La natation a forg\u00e9 ma r\u00e9silience. Elle m\u2019a appris \u00e0 me connaitre, \u00e0 explorer ma personnalit\u00e9 dans l&rsquo;\u00e9preuve, \u00e0 me relever apr\u00e8s les contre\u2011performances, les remises en question, les blessures. Elle m&rsquo;a offert des \u00e9motions intenses de joie et d&rsquo;accomplissement.<\/span><\/p><\/div>\t\t\t\t\t\t\t\t<\/div>\n\t\t\t\t<\/div>\n\t\t\t\t\t<\/div>\n\t\t\t\t<\/div>\n\t\t<div class=\"elementor-element elementor-element-babf028 e-flex e-con-boxed e-con e-parent\" data-id=\"babf028\" data-element_type=\"container\" data-e-type=\"container\">\n\t\t\t\t\t<div class=\"e-con-inner\">\n\t\t<div class=\"elementor-element elementor-element-98ac64a e-con-full e-flex e-con e-child\" data-id=\"98ac64a\" data-element_type=\"container\" data-e-type=\"container\">\n\t\t\t\t<div class=\"elementor-element elementor-element-f7067ee elementor-widget elementor-widget-image\" data-id=\"f7067ee\" data-element_type=\"widget\" data-e-type=\"widget\" data-widget_type=\"image.default\">\n\t\t\t\t<div class=\"elementor-widget-container\">\n\t\t\t\t\t\t\t\t\t\t\t\t\t\t\t<img decoding=\"async\" src=\"https:\/\/laurefuric.com\/wp-content\/uploads\/2024\/06\/Nageuse1999.jpg\" title=\"Nageuse1999\" alt=\"Nageuse1999\" loading=\"lazy\" \/>\t\t\t\t\t\t\t\t\t\t\t\t\t\t\t<\/div>\n\t\t\t\t<\/div>\n\t\t\t\t<\/div>\n\t\t<div class=\"elementor-element elementor-element-96fd248 e-con-full e-flex e-con e-child\" data-id=\"96fd248\" data-element_type=\"container\" data-e-type=\"container\">\n\t\t\t\t<div class=\"elementor-element elementor-element-847a7b0 elementor-widget elementor-widget-text-editor\" data-id=\"847a7b0\" data-element_type=\"widget\" data-e-type=\"widget\" data-widget_type=\"text-editor.default\">\n\t\t\t\t<div class=\"elementor-widget-container\">\n\t\t\t\t\t\t\t\t\t<p><span style=\"color: #000000;\">\u00c0 une \u00e9poque o\u00f9 l\u2019on consid\u00e9rait que le mental ne se travaillait pas, je percevais d\u00e9j\u00e0 combien la dimension psychologique influen\u00e7ait mes performances, mon bien\u2011\u00eatre et l\u2019expression de mon potentiel. <\/span><\/p><p><span style=\"color: #000000;\">Malgr\u00e9 une trajectoire prometteuse, je n\u2019ai pas r\u00e9ussi \u00e0 aller au bout de mon projet sportif. J&rsquo;ai connu la fatigue, les doutes, et cette forme de solitude qui accompagne parfois l&rsquo;exigence du haut niveau. La fin de carri\u00e8re, quelle qu&rsquo;elle soit, bouscule : elle questionne l&rsquo;identit\u00e9, la direction, et laisse un temps o\u00f9 l&rsquo;on cherche de nouveaux rep\u00e8res. Mon aventure sportive m&rsquo;a fa\u00e7onn\u00e9e r\u00e9v\u00e9lant \u00e0 la fois la force de la passion et la complexit\u00e9 du chemin vers la performance durable.<\/span><\/p>\t\t\t\t\t\t\t\t<\/div>\n\t\t\t\t<\/div>\n\t\t\t\t<\/div>\n\t\t\t\t\t<\/div>\n\t\t\t\t<\/div>\n\t\t<div class=\"elementor-element elementor-element-e699d13 e-flex e-con-boxed e-con e-parent\" data-id=\"e699d13\" data-element_type=\"container\" data-e-type=\"container\">\n\t\t\t\t\t<div class=\"e-con-inner\">\n\t\t\t\t<div class=\"elementor-element elementor-element-e429273 elementor-widget elementor-widget-text-editor\" data-id=\"e429273\" data-element_type=\"widget\" data-e-type=\"widget\" data-widget_type=\"text-editor.default\">\n\t\t\t\t<div class=\"elementor-widget-container\">\n\t\t\t\t\t\t\t\t\t<h6><span style=\"color: #000000;\"><strong>L&rsquo;entreprise<\/strong><\/span><\/h6><p><span style=\"color: #000000; font-size: 14px; letter-spacing: 0px;\">Dipl\u00f4m\u00e9e de l&rsquo;ISCOM,\u00a0 j&rsquo;ai \u00e9volu\u00e9 plus de 16 ans dans l&rsquo;univers des m\u00e9dias et de la publicit\u00e9, au sein du groupe France T\u00e9l\u00e9visions. Ce m\u00e9tier m&rsquo;a passionn\u00e9. J&rsquo;y ai trouv\u00e9 un nouvel \u00e9lan et un espace de cr\u00e9ativit\u00e9 stimulant. J&rsquo;ai organis\u00e9 de nombreuses op\u00e9rations autour d&rsquo;\u00e9v\u00e9nements sportifs tels que Roland-Garros mais aussi dans la musique, la gastronomie, le luxe, le cin\u00e9ma, le th\u00e9\u00e2tre, et l&rsquo;art. J&rsquo;ai v\u00e9cu les enjeux d&rsquo;images et du direct. <span style=\"color: #000000;\">J&rsquo;y ai retrouv\u00e9 les exigences du haut niveau : la pr\u00e9cision, l&rsquo;engagement, la gestion du stress, la n\u00e9cessit\u00e9 de s&rsquo;adapter en permanence, et surtout l&rsquo;\u00e9coute. Comprendre les personnes, leurs besoins, leurs \u00e9motions, leurs contextes. <\/span>Je m&rsquo;y suis engag\u00e9e avec plaisir, curiosit\u00e9, et soif d&rsquo;apprendre. <\/span><\/p>\t\t\t\t\t\t\t\t<\/div>\n\t\t\t\t<\/div>\n\t\t\t\t\t<\/div>\n\t\t\t\t<\/div>\n\t\t<div class=\"elementor-element elementor-element-fd6ee13 e-flex e-con-boxed e-con e-parent\" data-id=\"fd6ee13\" data-element_type=\"container\" data-e-type=\"container\">\n\t\t\t\t\t<div class=\"e-con-inner\">\n\t\t<div class=\"elementor-element elementor-element-61cafa0 e-con-full e-flex e-con e-child\" data-id=\"61cafa0\" data-element_type=\"container\" data-e-type=\"container\">\n\t\t\t\t<div class=\"elementor-element elementor-element-053892e elementor-widget__width-initial elementor-widget elementor-widget-image\" data-id=\"053892e\" data-element_type=\"widget\" data-e-type=\"widget\" data-widget_type=\"image.default\">\n\t\t\t\t<div class=\"elementor-widget-container\">\n\t\t\t\t\t\t\t\t\t\t\t\t\t\t\t<img decoding=\"async\" width=\"766\" height=\"1024\" src=\"https:\/\/laurefuric.com\/wp-content\/uploads\/2026\/01\/IMG_20230611_145353-766x1024.jpg\" class=\"attachment-large size-large wp-image-2552\" alt=\"\" srcset=\"https:\/\/laurefuric.com\/wp-content\/uploads\/2026\/01\/IMG_20230611_145353-766x1024.jpg 766w, https:\/\/laurefuric.com\/wp-content\/uploads\/2026\/01\/IMG_20230611_145353-225x300.jpg 225w, https:\/\/laurefuric.com\/wp-content\/uploads\/2026\/01\/IMG_20230611_145353-768x1026.jpg 768w, https:\/\/laurefuric.com\/wp-content\/uploads\/2026\/01\/IMG_20230611_145353-1150x1536.jpg 1150w, https:\/\/laurefuric.com\/wp-content\/uploads\/2026\/01\/IMG_20230611_145353-1533x2048.jpg 1533w, https:\/\/laurefuric.com\/wp-content\/uploads\/2026\/01\/IMG_20230611_145353-scaled-e1767955270296.jpg 1864w\" sizes=\"(max-width: 766px) 100vw, 766px\" \/>\t\t\t\t\t\t\t\t\t\t\t\t\t\t\t<\/div>\n\t\t\t\t<\/div>\n\t\t\t\t<\/div>\n\t\t<div class=\"elementor-element elementor-element-dd378a8 e-con-full e-flex e-con e-child\" data-id=\"dd378a8\" data-element_type=\"container\" data-e-type=\"container\">\n\t\t\t\t<div class=\"elementor-element elementor-element-d22b479 elementor-widget__width-initial elementor-widget elementor-widget-text-editor\" data-id=\"d22b479\" data-element_type=\"widget\" data-e-type=\"widget\" data-widget_type=\"text-editor.default\">\n\t\t\t\t<div class=\"elementor-widget-container\">\n\t\t\t\t\t\t\t\t\t<p><span style=\"font-size: 14px; letter-spacing: 0px; color: #000000;\">Puis, au fil des ann\u00e9es,\u00a0 j&rsquo;ai senti que je m&rsquo;\u00e9loignais de mon propre \u00e9quilibre. <span style=\"font-size: 14px; letter-spacing: 0px;\">Pour retrouver sens et \u00e9nergie, j&rsquo;ai \u00e9t\u00e9 accompagn\u00e9e, je me suis questionn\u00e9e. Une \u00e9vidence s&rsquo;est impos\u00e9e comme si toutes ces ann\u00e9es dans le sport puis dans la communication m&rsquo;avaient men\u00e9e vers la pr\u00e9paration mentale.<\/span><\/span><\/p><p><span style=\"color: #000000;\">La performance n\u2019est jamais seulement technique et physique\u202f: elle est \u00e9motionnelle, relationnelle. Elle d\u00e9pend de la mani\u00e8re dont on se conna\u00eet et dont on se parle. J&rsquo;ai<\/span><span style=\"color: #ff0000; font-size: 14px; letter-spacing: 0px;\"><span style=\"color: #000000;\"> vu des talents s\u2019\u00e9puiser ou perdre confiance. J\u2019ai vu des jeunes comp\u00e9titeurs et des athl\u00e8tes anim\u00e9s par l\u2019envie de bien faire, mais parfois frein\u00e9s par la comparaison, la peur de d\u00e9cevoir ou d&rsquo;\u00e9chouer. Et j\u2019ai moi\u2011m\u00eame travers\u00e9 ces zones de turbulence.\u00a0<\/span><\/span><\/p><p><span style=\"color: #000000;\">C\u2019est ce qui m\u2019a men\u00e9 \u00e0 vouloir comprendre le mental, les m\u00e9canismes internes,\u00a0 les croyances, les \u00e9motions, et leur impact sur la progression et le bien-\u00eatre.<\/span><\/p>\t\t\t\t\t\t\t\t<\/div>\n\t\t\t\t<\/div>\n\t\t\t\t<\/div>\n\t\t\t\t\t<\/div>\n\t\t\t\t<\/div>\n\t\t<div class=\"elementor-element elementor-element-88429cd e-flex e-con-boxed e-con e-parent\" data-id=\"88429cd\" data-element_type=\"container\" data-e-type=\"container\">\n\t\t\t\t\t<div class=\"e-con-inner\">\n\t\t\t\t<div class=\"elementor-element elementor-element-b97a119 elementor-widget elementor-widget-text-editor\" data-id=\"b97a119\" data-element_type=\"widget\" data-e-type=\"widget\" data-widget_type=\"text-editor.default\">\n\t\t\t\t<div class=\"elementor-widget-container\">\n\t\t\t\t\t\t\t\t\t<h6><strong>L&rsquo;humain au c\u0153ur de la performance<\/strong><\/h6><p><span style=\"font-size: 14px; letter-spacing: 0px;\"><span style=\"color: #000000;\">Ce qui me passionne, c&rsquo;est l&rsquo;humain derri\u00e8re la performance. Ce qui se joue loin des<\/span> <span style=\"color: #000000;\">projecteurs : le quotidien, les fragilit\u00e9s, les prises de conscience, les moments o\u00f9 l&rsquo;on apprend \u00e0 se connaitre, et \u00e0 avancer malgr\u00e9 la pression. <\/span><\/span><\/p><p><span style=\"font-size: 14px; letter-spacing: 0px;\"><span style=\"color: #000000;\">C&rsquo;est dans ces instants souvent invisibles mais essentiels, que j&rsquo;ai compris o\u00f9 je voulais \u00eatre : aux c\u00f4t\u00e9s de celles et ceux qui cherchent \u00e0 progresser, \u00e0 durer, \u00e0 relever leurs d\u00e9fis sans se perdre. <\/span><\/span><\/p>\t\t\t\t\t\t\t\t<\/div>\n\t\t\t\t<\/div>\n\t\t\t\t\t<\/div>\n\t\t\t\t<\/div>\n\t\t<div class=\"elementor-element elementor-element-84dd7e6 e-flex e-con-boxed e-con e-parent\" data-id=\"84dd7e6\" data-element_type=\"container\" data-e-type=\"container\">\n\t\t\t\t\t<div class=\"e-con-inner\">\n\t\t<div class=\"elementor-element elementor-element-465bed8 e-con-full e-flex e-con e-child\" data-id=\"465bed8\" data-element_type=\"container\" data-e-type=\"container\">\n\t\t\t\t<div class=\"elementor-element elementor-element-822484a elementor-widget elementor-widget-image\" data-id=\"822484a\" data-element_type=\"widget\" data-e-type=\"widget\" data-widget_type=\"image.default\">\n\t\t\t\t<div class=\"elementor-widget-container\">\n\t\t\t\t\t\t\t\t\t\t\t\t\t\t\t<img decoding=\"async\" width=\"837\" height=\"628\" src=\"https:\/\/laurefuric.com\/wp-content\/uploads\/2026\/01\/0092_865A3581_WEB-1024x768.jpg\" class=\"attachment-large size-large wp-image-2550\" alt=\"\" srcset=\"https:\/\/laurefuric.com\/wp-content\/uploads\/2026\/01\/0092_865A3581_WEB-1024x768.jpg 1024w, https:\/\/laurefuric.com\/wp-content\/uploads\/2026\/01\/0092_865A3581_WEB-300x225.jpg 300w, https:\/\/laurefuric.com\/wp-content\/uploads\/2026\/01\/0092_865A3581_WEB-768x576.jpg 768w, https:\/\/laurefuric.com\/wp-content\/uploads\/2026\/01\/0092_865A3581_WEB.jpg 1365w\" sizes=\"(max-width: 837px) 100vw, 837px\" \/>\t\t\t\t\t\t\t\t\t\t\t\t\t\t\t<\/div>\n\t\t\t\t<\/div>\n\t\t\t\t<\/div>\n\t\t<div class=\"elementor-element elementor-element-23c1064 e-con-full e-flex e-con e-child\" data-id=\"23c1064\" data-element_type=\"container\" data-e-type=\"container\">\n\t\t\t\t<div class=\"elementor-element elementor-element-16db11b elementor-widget elementor-widget-text-editor\" data-id=\"16db11b\" data-element_type=\"widget\" data-e-type=\"widget\" data-widget_type=\"text-editor.default\">\n\t\t\t\t<div class=\"elementor-widget-container\">\n\t\t\t\t\t\t\t\t\t<p><span style=\"font-size: 14px; letter-spacing: 0px;\"><span style=\"color: #000000;\">En 2023, j&rsquo;ai choisi d&rsquo;aligner ma vie professionnelle avec ma conviction : <strong>la performance durable nait du bien-\u00eatre, et de la connaissance de soi<\/strong>. J\u2019encourage une recherche de performance qui fait grandir, qui respecte l\u2019humain et qui reste align\u00e9e avec votre identit\u00e9 profonde.<\/span><\/span><\/p><p><span style=\"font-size: 14px; letter-spacing: 0px;\"><span style=\"color: #000000;\">J&rsquo;ai rejoint l&rsquo;\u00e9cole Focus, fond\u00e9e par Anthony Mette, et je suis devenue pr\u00e9paratrice mentale certifi\u00e9e en 2024. <\/span><\/span><span style=\"font-size: 14px; letter-spacing: 0px;\"><span style=\"color: #000000;\">Depuis, je poursuis une formation continue pour enrichir mes comp\u00e9tences dans l&rsquo;accompagnement, et approfondir mes connaissances en psychologie du sport, afin de proposer un cadre rigoureux, s\u00e9curisant, et adapt\u00e9 \u00e0 chaque personne, \u00e0 chaque singularit\u00e9.<\/span><\/span><\/p>\t\t\t\t\t\t\t\t<\/div>\n\t\t\t\t<\/div>\n\t\t\t\t<\/div>\n\t\t\t\t\t<\/div>\n\t\t\t\t<\/div>\n\t\t<div class=\"elementor-element elementor-element-fba9cd0 e-flex e-con-boxed e-con e-parent\" data-id=\"fba9cd0\" data-element_type=\"container\" data-e-type=\"container\">\n\t\t\t\t\t<div class=\"e-con-inner\">\n\t\t\t\t<div class=\"elementor-element elementor-element-0a99e9d elementor-widget elementor-widget-text-editor\" data-id=\"0a99e9d\" data-element_type=\"widget\" data-e-type=\"widget\" data-widget_type=\"text-editor.default\">\n\t\t\t\t<div class=\"elementor-widget-container\">\n\t\t\t\t\t\t\t\t\t<blockquote><p>Mon engagement est simple : aider chacun \u00e0 progresser mentalement et \u00e0 se r\u00e9aliser en accord avec qui il est&#8230;<\/p><\/blockquote>\t\t\t\t\t\t\t\t<\/div>\n\t\t\t\t<\/div>\n\t\t\t\t\t<\/div>\n\t\t\t\t<\/div>\n\t\t<div class=\"elementor-element elementor-element-9be6e1a e-flex e-con-boxed e-con e-parent\" data-id=\"9be6e1a\" data-element_type=\"container\" data-e-type=\"container\">\n\t\t\t\t\t<div class=\"e-con-inner\">\n\t\t\t\t<div class=\"elementor-element elementor-element-aa841ee elementor-widget elementor-widget-text-editor\" data-id=\"aa841ee\" data-element_type=\"widget\" data-e-type=\"widget\" data-widget_type=\"text-editor.default\">\n\t\t\t\t<div class=\"elementor-widget-container\">\n\t\t\t\t\t\t\t\t\t<h6><strong>Aujourd&rsquo;hui&#8230;\u00a0<\/strong><\/h6><p><span style=\"font-size: 14px; letter-spacing: 0px;\"><span style=\"color: #000000;\">J&rsquo;accompagne les jeunes sportifs, les athl\u00e8tes de haut niveau, les lyc\u00e9ens, les \u00e9tudiants, et les artistes, et toutes personnes qui souhaitent progresser mentalement, retrouver du plaisir, et s&rsquo;exprimer avec justesse dans leur discipline, dans une recherche de performance durable. Mon approche est<strong> sur-mesure, <\/strong>adapt\u00e9e \u00e0 votre \u00e2ge, votre parcours, votre projet, et votre personnalit\u00e9. <\/span><\/span><\/p>\t\t\t\t\t\t\t\t<\/div>\n\t\t\t\t<\/div>\n\t\t\t\t\t<\/div>\n\t\t\t\t<\/div>\n\t\t<div class=\"elementor-element elementor-element-22cae59 e-flex e-con-boxed e-con e-parent\" data-id=\"22cae59\" data-element_type=\"container\" data-e-type=\"container\">\n\t\t\t\t\t<div class=\"e-con-inner\">\n\t\t<div class=\"elementor-element elementor-element-3c9abb0 e-con-full e-flex e-con e-child\" data-id=\"3c9abb0\" data-element_type=\"container\" data-e-type=\"container\">\n\t\t\t\t<div class=\"elementor-element elementor-element-91ac7c2 elementor-widget elementor-widget-button\" data-id=\"91ac7c2\" data-element_type=\"widget\" data-e-type=\"widget\" data-widget_type=\"button.default\">\n\t\t\t\t<div class=\"elementor-widget-container\">\n\t\t\t\t\t\t\t\t\t<div class=\"elementor-button-wrapper\">\n\t\t\t\t\t<a class=\"elementor-button elementor-button-link elementor-size-sm\" href=\"https:\/\/laurefuric.com\/index.php\/a-propos-2\/valeurs-et-ethique\/\">\n\t\t\t\t\t\t<span class=\"elementor-button-content-wrapper\">\n\t\t\t\t\t\t<span class=\"elementor-button-icon\">\n\t\t\t\t<svg aria-hidden=\"true\" class=\"e-font-icon-svg e-far-arrow-alt-circle-right\" viewBox=\"0 0 512 512\" xmlns=\"http:\/\/www.w3.org\/2000\/svg\"><path d=\"M504 256C504 119 393 8 256 8S8 119 8 256s111 248 248 248 248-111 248-248zm-448 0c0-110.5 89.5-200 200-200s200 89.5 200 200-89.5 200-200 200S56 366.5 56 256zm72 20v-40c0-6.6 5.4-12 12-12h116v-67c0-10.7 12.9-16 20.5-8.5l99 99c4.7 4.7 4.7 12.3 0 17l-99 99c-7.6 7.6-20.5 2.2-20.5-8.5v-67H140c-6.6 0-12-5.4-12-12z\"><\/path><\/svg>\t\t\t<\/span>\n\t\t\t\t\t\t\t\t\t<span class=\"elementor-button-text\">Valeurs &amp; Ethique<\/span>\n\t\t\t\t\t<\/span>\n\t\t\t\t\t<\/a>\n\t\t\t\t<\/div>\n\t\t\t\t\t\t\t\t<\/div>\n\t\t\t\t<\/div>\n\t\t\t\t<\/div>\n\t\t<div class=\"elementor-element elementor-element-5544f29 e-con-full e-flex e-con e-child\" data-id=\"5544f29\" data-element_type=\"container\" data-e-type=\"container\">\n\t\t\t\t<div class=\"elementor-element elementor-element-95e486c elementor-align-center elementor-widget elementor-widget-button\" data-id=\"95e486c\" data-element_type=\"widget\" data-e-type=\"widget\" data-widget_type=\"button.default\">\n\t\t\t\t<div class=\"elementor-widget-container\">\n\t\t\t\t\t\t\t\t\t<div class=\"elementor-button-wrapper\">\n\t\t\t\t\t<a class=\"elementor-button elementor-button-link elementor-size-sm\" href=\"https:\/\/laurefuric.com\/index.php\/contact\/\" target=\"_blank\">\n\t\t\t\t\t\t<span class=\"elementor-button-content-wrapper\">\n\t\t\t\t\t\t<span class=\"elementor-button-icon\">\n\t\t\t\t<svg aria-hidden=\"true\" class=\"e-font-icon-svg e-far-arrow-alt-circle-right\" viewBox=\"0 0 512 512\" xmlns=\"http:\/\/www.w3.org\/2000\/svg\"><path d=\"M504 256C504 119 393 8 256 8S8 119 8 256s111 248 248 248 248-111 248-248zm-448 0c0-110.5 89.5-200 200-200s200 89.5 200 200-89.5 200-200 200S56 366.5 56 256zm72 20v-40c0-6.6 5.4-12 12-12h116v-67c0-10.7 12.9-16 20.5-8.5l99 99c4.7 4.7 4.7 12.3 0 17l-99 99c-7.6 7.6-20.5 2.2-20.5-8.5v-67H140c-6.6 0-12-5.4-12-12z\"><\/path><\/svg>\t\t\t<\/span>\n\t\t\t\t\t\t\t\t\t<span class=\"elementor-button-text\">Me contacter<\/span>\n\t\t\t\t\t<\/span>\n\t\t\t\t\t<\/a>\n\t\t\t\t<\/div>\n\t\t\t\t\t\t\t\t<\/div>\n\t\t\t\t<\/div>\n\t\t\t\t<\/div>\n\t\t\t\t\t<\/div>\n\t\t\t\t<\/div>\n\t\t\t\t<\/div>\n\t\t","protected":false},"excerpt":{"rendered":"<p>Je m&rsquo;appelle Laure Furic, je suis pr\u00e9paratrice mentale, passionn\u00e9e par l&rsquo;humain, guid\u00e9e par la recherche de progr\u00e8s, de performance et d&rsquo;\u00e9panouissement. Mon chemin vers la pr\u00e9paration mentale s&rsquo;est construit au fil des ann\u00e9es, \u00e0 travers mon parcours dans le sport de haut de niveau, mon exp\u00e9rience en entreprise, la parentalit\u00e9 et les valeurs qui me <a class=\"read-more\" href=\"https:\/\/laurefuric.com\/index.php\/a-propos\/\">READ MORE<\/a><\/p>\n","protected":false},"author":1,"featured_media":0,"parent":0,"menu_order":1,"comment_status":"closed","ping_status":"closed","template":"","meta":{"footnotes":""},"class_list":["post-149","page","type-page","status-publish","hentry"],"_links":{"self":[{"href":"https:\/\/laurefuric.com\/index.php\/wp-json\/wp\/v2\/pages\/149","targetHints":{"allow":["GET"]}}],"collection":[{"href":"https:\/\/laurefuric.com\/index.php\/wp-json\/wp\/v2\/pages"}],"about":[{"href":"https:\/\/laurefuric.com\/index.php\/wp-json\/wp\/v2\/types\/page"}],"author":[{"embeddable":true,"href":"https:\/\/laurefuric.com\/index.php\/wp-json\/wp\/v2\/users\/1"}],"replies":[{"embeddable":true,"href":"https:\/\/laurefuric.com\/index.php\/wp-json\/wp\/v2\/comments?post=149"}],"version-history":[{"count":788,"href":"https:\/\/laurefuric.com\/index.php\/wp-json\/wp\/v2\/pages\/149\/revisions"}],"predecessor-version":[{"id":2684,"href":"https:\/\/laurefuric.com\/index.php\/wp-json\/wp\/v2\/pages\/149\/revisions\/2684"}],"wp:attachment":[{"href":"https:\/\/laurefuric.com\/index.php\/wp-json\/wp\/v2\/media?parent=149"}],"curies":[{"name":"wp","href":"https:\/\/api.w.org\/{rel}","templated":true}]}}