{"id":943,"date":"2024-10-09T09:22:10","date_gmt":"2024-10-09T07:22:10","guid":{"rendered":"https:\/\/laurefuric.com\/?page_id=943"},"modified":"2025-12-18T11:02:15","modified_gmt":"2025-12-18T10:02:15","slug":"valeurs-et-ethique","status":"publish","type":"page","link":"https:\/\/laurefuric.com\/index.php\/a-propos-2\/valeurs-et-ethique\/","title":{"rendered":"Valeurs et \u00e9thique"},"content":{"rendered":"\t\t<div data-elementor-type=\"wp-page\" data-elementor-id=\"943\" class=\"elementor elementor-943\">\n\t\t\t\t<div class=\"elementor-element elementor-element-fd8b438 e-flex e-con-boxed e-con e-parent\" data-id=\"fd8b438\" data-element_type=\"container\" data-e-type=\"container\">\n\t\t\t\t\t<div class=\"e-con-inner\">\n\t\t\t\t<div class=\"elementor-element elementor-element-1919e52 elementor-arrows-position-inside elementor-pagination-position-outside elementor-widget elementor-widget-image-carousel\" data-id=\"1919e52\" data-element_type=\"widget\" data-e-type=\"widget\" data-settings=\"{&quot;slides_to_show&quot;:&quot;5&quot;,&quot;navigation&quot;:&quot;both&quot;,&quot;autoplay&quot;:&quot;yes&quot;,&quot;pause_on_hover&quot;:&quot;yes&quot;,&quot;pause_on_interaction&quot;:&quot;yes&quot;,&quot;autoplay_speed&quot;:5000,&quot;infinite&quot;:&quot;yes&quot;,&quot;speed&quot;:500}\" data-widget_type=\"image-carousel.default\">\n\t\t\t\t<div class=\"elementor-widget-container\">\n\t\t\t\t\t\t\t<div class=\"elementor-image-carousel-wrapper swiper\" role=\"region\" aria-roledescription=\"carousel\" aria-label=\"Carrousel d\u2019images\" dir=\"ltr\">\n\t\t\t<div class=\"elementor-image-carousel swiper-wrapper\" aria-live=\"off\">\n\t\t\t\t\t\t\t\t<div class=\"swiper-slide\" role=\"group\" aria-roledescription=\"slide\" aria-label=\"1 sur 5\"><figure class=\"swiper-slide-inner\"><img decoding=\"async\" class=\"swiper-slide-image\" src=\"https:\/\/laurefuric.com\/wp-content\/uploads\/2025\/04\/pexels-diva-plavalaguna-6146703-1-150x150.jpg\" alt=\"pexels-diva-plavalaguna-6146703 (1)\" \/><\/figure><\/div><div class=\"swiper-slide\" role=\"group\" aria-roledescription=\"slide\" aria-label=\"2 sur 5\"><figure class=\"swiper-slide-inner\"><img decoding=\"async\" class=\"swiper-slide-image\" src=\"https:\/\/laurefuric.com\/wp-content\/uploads\/2025\/05\/Escalier-150x150.jpg\" alt=\"Escalier\" \/><\/figure><\/div><div class=\"swiper-slide\" role=\"group\" aria-roledescription=\"slide\" aria-label=\"3 sur 5\"><figure class=\"swiper-slide-inner\"><img decoding=\"async\" class=\"swiper-slide-image\" src=\"https:\/\/laurefuric.com\/wp-content\/uploads\/2025\/04\/pexels-rocketmann-prod-9486648-150x150.jpg\" alt=\"pexels-rocketmann-prod-9486648\" \/><\/figure><\/div><div class=\"swiper-slide\" role=\"group\" aria-roledescription=\"slide\" aria-label=\"4 sur 5\"><figure class=\"swiper-slide-inner\"><img decoding=\"async\" class=\"swiper-slide-image\" src=\"https:\/\/laurefuric.com\/wp-content\/uploads\/2025\/09\/Douceur-150x150.jpg\" alt=\"Douceur\" \/><\/figure><\/div><div class=\"swiper-slide\" role=\"group\" aria-roledescription=\"slide\" aria-label=\"5 sur 5\"><figure class=\"swiper-slide-inner\"><img decoding=\"async\" class=\"swiper-slide-image\" src=\"https:\/\/laurefuric.com\/wp-content\/uploads\/2024\/10\/pexels-enginakyurt-1552617-150x150.jpg\" alt=\"pexels-enginakyurt-1552617\" \/><\/figure><\/div>\t\t\t<\/div>\n\t\t\t\t\t\t\t\t\t\t\t\t<div class=\"elementor-swiper-button elementor-swiper-button-prev\" role=\"button\" tabindex=\"0\">\n\t\t\t\t\t\t<svg aria-hidden=\"true\" class=\"e-font-icon-svg e-eicon-chevron-left\" viewBox=\"0 0 1000 1000\" xmlns=\"http:\/\/www.w3.org\/2000\/svg\"><path d=\"M646 125C629 125 613 133 604 142L308 442C296 454 292 471 292 487 292 504 296 521 308 533L604 854C617 867 629 875 646 875 663 875 679 871 692 858 704 846 713 829 713 812 713 796 708 779 692 767L438 487 692 225C700 217 708 204 708 187 708 171 704 154 692 142 675 129 663 125 646 125Z\"><\/path><\/svg>\t\t\t\t\t<\/div>\n\t\t\t\t\t<div class=\"elementor-swiper-button elementor-swiper-button-next\" role=\"button\" tabindex=\"0\">\n\t\t\t\t\t\t<svg aria-hidden=\"true\" class=\"e-font-icon-svg e-eicon-chevron-right\" viewBox=\"0 0 1000 1000\" xmlns=\"http:\/\/www.w3.org\/2000\/svg\"><path d=\"M696 533C708 521 713 504 713 487 713 471 708 454 696 446L400 146C388 133 375 125 354 125 338 125 325 129 313 142 300 154 292 171 292 187 292 204 296 221 308 233L563 492 304 771C292 783 288 800 288 817 288 833 296 850 308 863 321 871 338 875 354 875 371 875 388 867 400 854L696 533Z\"><\/path><\/svg>\t\t\t\t\t<\/div>\n\t\t\t\t\n\t\t\t\t\t\t\t\t\t<div class=\"swiper-pagination\"><\/div>\n\t\t\t\t\t\t\t\t\t<\/div>\n\t\t\t\t\t\t<\/div>\n\t\t\t\t<\/div>\n\t\t\t\t\t<\/div>\n\t\t\t\t<\/div>\n\t\t<div class=\"elementor-element elementor-element-7f0f26e e-flex e-con-boxed e-con e-parent\" data-id=\"7f0f26e\" data-element_type=\"container\" data-e-type=\"container\">\n\t\t\t\t\t<div class=\"e-con-inner\">\n\t\t\t\t<div class=\"elementor-element elementor-element-477711f elementor-widget elementor-widget-text-editor\" data-id=\"477711f\" data-element_type=\"widget\" data-e-type=\"widget\" data-widget_type=\"text-editor.default\">\n\t\t\t\t<div class=\"elementor-widget-container\">\n\t\t\t\t\t\t\t\t\t<p>Ma pratique repose sur une \u00e9thique sinc\u00e8re, fond\u00e9e sur le respect, la bienveillance et la confidentialit\u00e9. En tant que pr\u00e9paratrice mentale, je m&rsquo;engage avec exigence et douceur \u00e0 vos c\u00f4t\u00e9s. Chaque accompagnement est pens\u00e9 pour favoriser votre progression et votre autonomie. Je vous aide \u00e0 d\u00e9velopper vos comp\u00e9tences mentales, en accord avec votre identit\u00e9, vos objectifs, vos valeurs et votre rythme. Mon approche allie rigueur scientifique, cr\u00e9ativit\u00e9 et adaptabilit\u00e9. Chaque suivi est sur-mesure, au service de votre projet et de votre accomplissement.<\/p>\t\t\t\t\t\t\t\t<\/div>\n\t\t\t\t<\/div>\n\t\t\t\t\t<\/div>\n\t\t\t\t<\/div>\n\t\t<div class=\"elementor-element elementor-element-044b4cf e-flex e-con-boxed e-con e-parent\" data-id=\"044b4cf\" data-element_type=\"container\" data-e-type=\"container\">\n\t\t\t\t\t<div class=\"e-con-inner\">\n\t\t\t\t<div class=\"elementor-element elementor-element-4a94010 elementor-widget elementor-widget-heading\" data-id=\"4a94010\" data-element_type=\"widget\" data-e-type=\"widget\" data-widget_type=\"heading.default\">\n\t\t\t\t<div class=\"elementor-widget-container\">\n\t\t\t\t\t<h2 class=\"elementor-heading-title elementor-size-default\">Une m\u00e9thode structur\u00e9e et \u00e9volutive<\/h2>\t\t\t\t<\/div>\n\t\t\t\t<\/div>\n\t\t\t\t\t<\/div>\n\t\t\t\t<\/div>\n\t\t<div class=\"elementor-element elementor-element-ab4dbcd e-flex e-con-boxed e-con e-parent\" data-id=\"ab4dbcd\" data-element_type=\"container\" data-e-type=\"container\">\n\t\t\t\t\t<div class=\"e-con-inner\">\n\t\t\t\t<div class=\"elementor-element elementor-element-f28b301 elementor-widget elementor-widget-text-editor\" data-id=\"f28b301\" data-element_type=\"widget\" data-e-type=\"widget\" data-widget_type=\"text-editor.default\">\n\t\t\t\t<div class=\"elementor-widget-container\">\n\t\t\t\t\t\t\t\t\t<p>Chaque accompagnement commence par une phase d\u2019\u00e9valuation pour \u00e9tablir un profilage pr\u00e9cis. L\u2019entra\u00eenement mental se construit ensuite dans le temps, avec des \u00e9tapes claires : un d\u00e9but, une progression, des ajustements, et une analyse finale. Les outils utilis\u00e9s sont choisis et s&rsquo;adaptent en fonction de vos besoins, de votre \u00e9volution au fil des s\u00e9ances et de votre contexte. La priorit\u00e9 est donn\u00e9e \u00e0 la progression pour des r\u00e9sultats durables et align\u00e9s avec votre \u00e9quilibre.<\/p>\t\t\t\t\t\t\t\t<\/div>\n\t\t\t\t<\/div>\n\t\t\t\t\t<\/div>\n\t\t\t\t<\/div>\n\t\t<div class=\"elementor-element elementor-element-d82fee7 e-flex e-con-boxed e-con e-parent\" data-id=\"d82fee7\" data-element_type=\"container\" data-e-type=\"container\">\n\t\t\t\t\t<div class=\"e-con-inner\">\n\t\t\t\t<div class=\"elementor-element elementor-element-f27aee6 elementor-widget elementor-widget-heading\" data-id=\"f27aee6\" data-element_type=\"widget\" data-e-type=\"widget\" data-widget_type=\"heading.default\">\n\t\t\t\t<div class=\"elementor-widget-container\">\n\t\t\t\t\t<h2 class=\"elementor-heading-title elementor-size-default\">Une posture responsable<\/h2>\t\t\t\t<\/div>\n\t\t\t\t<\/div>\n\t\t\t\t\t<\/div>\n\t\t\t\t<\/div>\n\t\t<div class=\"elementor-element elementor-element-fd1959e e-flex e-con-boxed e-con e-parent\" data-id=\"fd1959e\" data-element_type=\"container\" data-e-type=\"container\">\n\t\t\t\t\t<div class=\"e-con-inner\">\n\t\t\t\t<div class=\"elementor-element elementor-element-360c483 elementor-widget elementor-widget-text-editor\" data-id=\"360c483\" data-element_type=\"widget\" data-e-type=\"widget\" data-widget_type=\"text-editor.default\">\n\t\t\t\t<div class=\"elementor-widget-container\">\n\t\t\t\t\t\t\t\t\t<p>Je connais les limites de mon champs d\u2019intervention et de mes comp\u00e9tences. Si j&rsquo;identifie une probl\u00e9matique d\u00e9passant le cadre de la pr\u00e9paration mentale, je m\u2019appuie sur un r\u00e9seau de professionnels (psychologues, di\u00e9t\u00e9ticiens,&#8230;) et de sp\u00e9cialistes vers lesquels je peux vous orienter. Je m\u2019inscris dans une d\u00e9marche globale de sant\u00e9 et de bien-\u00eatre.<\/p>\t\t\t\t\t\t\t\t<\/div>\n\t\t\t\t<\/div>\n\t\t\t\t\t<\/div>\n\t\t\t\t<\/div>\n\t\t<div class=\"elementor-element elementor-element-0feb7ff e-flex e-con-boxed e-con e-parent\" data-id=\"0feb7ff\" data-element_type=\"container\" data-e-type=\"container\">\n\t\t\t\t\t<div class=\"e-con-inner\">\n\t\t\t\t<div class=\"elementor-element elementor-element-beb7d8a elementor-widget elementor-widget-heading\" data-id=\"beb7d8a\" data-element_type=\"widget\" data-e-type=\"widget\" data-widget_type=\"heading.default\">\n\t\t\t\t<div class=\"elementor-widget-container\">\n\t\t\t\t\t<h2 class=\"elementor-heading-title elementor-size-default\">Une d\u00e9marche collaborative<\/h2>\t\t\t\t<\/div>\n\t\t\t\t<\/div>\n\t\t\t\t\t<\/div>\n\t\t\t\t<\/div>\n\t\t<div class=\"elementor-element elementor-element-6158356 e-flex e-con-boxed e-con e-parent\" data-id=\"6158356\" data-element_type=\"container\" data-e-type=\"container\">\n\t\t\t\t\t<div class=\"e-con-inner\">\n\t\t\t\t<div class=\"elementor-element elementor-element-4361bb6 elementor-widget elementor-widget-text-editor\" data-id=\"4361bb6\" data-element_type=\"widget\" data-e-type=\"widget\" data-widget_type=\"text-editor.default\">\n\t\t\t\t<div class=\"elementor-widget-container\">\n\t\t\t\t\t\t\t\t\t<p>Avec votre accord, le travail engag\u00e9 peut \u00eatre partag\u00e9 avec votre staff ou votre entourage professionnel (pr\u00e9parateurs physiques, entra\u00eeneurs, kin\u00e9s, etc.). Vos proches peuvent \u00e9galement \u00eatre inclus dans le suivi.<\/p>\t\t\t\t\t\t\t\t<\/div>\n\t\t\t\t<\/div>\n\t\t\t\t\t<\/div>\n\t\t\t\t<\/div>\n\t\t<div class=\"elementor-element elementor-element-304e84e e-flex e-con-boxed e-con e-parent\" data-id=\"304e84e\" data-element_type=\"container\" data-e-type=\"container\">\n\t\t\t\t\t<div class=\"e-con-inner\">\n\t\t\t\t<div class=\"elementor-element elementor-element-61cffc6 elementor-widget elementor-widget-heading\" data-id=\"61cffc6\" data-element_type=\"widget\" data-e-type=\"widget\" data-widget_type=\"heading.default\">\n\t\t\t\t<div class=\"elementor-widget-container\">\n\t\t\t\t\t<h2 class=\"elementor-heading-title elementor-size-default\">Mes valeurs<\/h2>\t\t\t\t<\/div>\n\t\t\t\t<\/div>\n\t\t\t\t\t<\/div>\n\t\t\t\t<\/div>\n\t\t<div class=\"elementor-element elementor-element-ee42f67 e-flex e-con-boxed e-con e-parent\" data-id=\"ee42f67\" data-element_type=\"container\" data-e-type=\"container\">\n\t\t\t\t\t<div class=\"e-con-inner\">\n\t\t\t\t<div class=\"elementor-element elementor-element-26bd7d6 elementor-widget elementor-widget-text-editor\" data-id=\"26bd7d6\" data-element_type=\"widget\" data-e-type=\"widget\" data-widget_type=\"text-editor.default\">\n\t\t\t\t<div class=\"elementor-widget-container\">\n\t\t\t\t\t\t\t\t\t<ul><li><strong>\u00c9coute<\/strong> : une attention active et sinc\u00e8re<\/li><li><b>Respect <\/b>: de votre histoire, de vos d\u00e9cisions et de votre singularit\u00e9 sans jugement<\/li><li><strong>Douceur<\/strong> : dans l\u2019approche, les mots, les ajustements<\/li><li><strong>Excellence<\/strong> : dans la qualit\u00e9 du suivi et la recherche de progr\u00e8s<\/li><li><strong>Transmission<\/strong> : pour vous rendre autonome et confiant<\/li><li><strong>Bienveillance<\/strong> : dans le regard port\u00e9 sur vous et votre parcours<\/li><li><strong>Confidentialit\u00e9<\/strong> : pour un cadre s\u00e9curis\u00e9 et de confiance<\/li><li><strong>Authenticit\u00e9<\/strong> : dans ma pr\u00e9sence, mes intentions et mes paroles, pour un accompagnement vrai et align\u00e9<\/li><li><strong>Fid\u00e9lit\u00e9<\/strong> : \u00e0 mes engagements, \u00e0 vos objectifs, \u00e0 notre collaboration<\/li><\/ul>\t\t\t\t\t\t\t\t<\/div>\n\t\t\t\t<\/div>\n\t\t\t\t\t<\/div>\n\t\t\t\t<\/div>\n\t\t<div class=\"elementor-element elementor-element-25ac310 e-flex e-con-boxed e-con e-parent\" data-id=\"25ac310\" data-element_type=\"container\" data-e-type=\"container\">\n\t\t\t\t\t<div class=\"e-con-inner\">\n\t\t<div class=\"elementor-element elementor-element-4f3dfa0 e-con-full e-flex e-con e-child\" data-id=\"4f3dfa0\" data-element_type=\"container\" data-e-type=\"container\">\n\t\t\t\t<div class=\"elementor-element elementor-element-58afe38 elementor-widget elementor-widget-button\" data-id=\"58afe38\" data-element_type=\"widget\" data-e-type=\"widget\" data-widget_type=\"button.default\">\n\t\t\t\t<div class=\"elementor-widget-container\">\n\t\t\t\t\t\t\t\t\t<div class=\"elementor-button-wrapper\">\n\t\t\t\t\t<a class=\"elementor-button elementor-button-link elementor-size-sm\" href=\"https:\/\/laurefuric.com\/index.php\/contact\/\">\n\t\t\t\t\t\t<span class=\"elementor-button-content-wrapper\">\n\t\t\t\t\t\t<span class=\"elementor-button-icon\">\n\t\t\t\t<svg aria-hidden=\"true\" class=\"e-font-icon-svg e-far-arrow-alt-circle-right\" viewBox=\"0 0 512 512\" xmlns=\"http:\/\/www.w3.org\/2000\/svg\"><path d=\"M504 256C504 119 393 8 256 8S8 119 8 256s111 248 248 248 248-111 248-248zm-448 0c0-110.5 89.5-200 200-200s200 89.5 200 200-89.5 200-200 200S56 366.5 56 256zm72 20v-40c0-6.6 5.4-12 12-12h116v-67c0-10.7 12.9-16 20.5-8.5l99 99c4.7 4.7 4.7 12.3 0 17l-99 99c-7.6 7.6-20.5 2.2-20.5-8.5v-67H140c-6.6 0-12-5.4-12-12z\"><\/path><\/svg>\t\t\t<\/span>\n\t\t\t\t\t\t\t\t\t<span class=\"elementor-button-text\">Contactez-moi<\/span>\n\t\t\t\t\t<\/span>\n\t\t\t\t\t<\/a>\n\t\t\t\t<\/div>\n\t\t\t\t\t\t\t\t<\/div>\n\t\t\t\t<\/div>\n\t\t\t\t<\/div>\n\t\t<div class=\"elementor-element elementor-element-a40a8d9 e-con-full e-flex e-con e-child\" data-id=\"a40a8d9\" data-element_type=\"container\" data-e-type=\"container\">\n\t\t\t\t<\/div>\n\t\t\t\t\t<\/div>\n\t\t\t\t<\/div>\n\t\t<div class=\"elementor-element elementor-element-8306a6c e-flex e-con-boxed e-con e-parent\" data-id=\"8306a6c\" data-element_type=\"container\" data-e-type=\"container\">\n\t\t\t\t\t<div class=\"e-con-inner\">\n\t\t\t\t\t<\/div>\n\t\t\t\t<\/div>\n\t\t\t\t<\/div>\n\t\t","protected":false},"excerpt":{"rendered":"<p>Ma pratique repose sur une \u00e9thique sinc\u00e8re, fond\u00e9e sur le respect, la bienveillance et la confidentialit\u00e9. En tant que pr\u00e9paratrice mentale, je m&rsquo;engage avec exigence et douceur \u00e0 vos c\u00f4t\u00e9s. Chaque accompagnement est pens\u00e9 pour favoriser votre progression et votre autonomie. Je vous aide \u00e0 d\u00e9velopper vos comp\u00e9tences mentales, en accord avec votre identit\u00e9, vos <a class=\"read-more\" href=\"https:\/\/laurefuric.com\/index.php\/a-propos-2\/valeurs-et-ethique\/\">READ MORE<\/a><\/p>\n","protected":false},"author":1,"featured_media":0,"parent":1677,"menu_order":3,"comment_status":"closed","ping_status":"closed","template":"","meta":{"footnotes":""},"class_list":["post-943","page","type-page","status-publish","hentry"],"_links":{"self":[{"href":"https:\/\/laurefuric.com\/index.php\/wp-json\/wp\/v2\/pages\/943","targetHints":{"allow":["GET"]}}],"collection":[{"href":"https:\/\/laurefuric.com\/index.php\/wp-json\/wp\/v2\/pages"}],"about":[{"href":"https:\/\/laurefuric.com\/index.php\/wp-json\/wp\/v2\/types\/page"}],"author":[{"embeddable":true,"href":"https:\/\/laurefuric.com\/index.php\/wp-json\/wp\/v2\/users\/1"}],"replies":[{"embeddable":true,"href":"https:\/\/laurefuric.com\/index.php\/wp-json\/wp\/v2\/comments?post=943"}],"version-history":[{"count":58,"href":"https:\/\/laurefuric.com\/index.php\/wp-json\/wp\/v2\/pages\/943\/revisions"}],"predecessor-version":[{"id":2531,"href":"https:\/\/laurefuric.com\/index.php\/wp-json\/wp\/v2\/pages\/943\/revisions\/2531"}],"up":[{"embeddable":true,"href":"https:\/\/laurefuric.com\/index.php\/wp-json\/wp\/v2\/pages\/1677"}],"wp:attachment":[{"href":"https:\/\/laurefuric.com\/index.php\/wp-json\/wp\/v2\/media?parent=943"}],"curies":[{"name":"wp","href":"https:\/\/api.w.org\/{rel}","templated":true}]}}